{"id":473,"date":"2023-07-12T15:07:41","date_gmt":"2023-07-12T19:07:41","guid":{"rendered":"http:\/\/16201.b.aliquando.immo\/?page_id=473"},"modified":"2024-09-20T07:16:10","modified_gmt":"2024-09-20T11:16:10","slug":"notre-equipe","status":"publish","type":"page","link":"https:\/\/carlfafard.com\/en\/notre-equipe\/","title":{"rendered":"Our team"},"content":{"rendered":"<p><\/p>\n<p>Carl Fafard est un courtier dynamique qui offre ses services aux vendeurs et aux acheteurs de propri\u00e9t\u00e9s de prestige sur la Rive-Sud de Montr\u00e9al et ses environs depuis qu\u2019il a d\u00e9but\u00e9 sa carri\u00e8re en 2002. Gr\u00e2ce \u00e0 une \u00e9thique de travail sans faille et un r\u00e9seau de r\u00e9f\u00e9rences, de clients satisfaits, il a g\u00e9n\u00e9r\u00e9 plus de 2000 ventes et un chiffre d\u2019affaires d\u00e9passant 1,1 milliard $ depuis ses d\u00e9buts, faisant de lui un des courtiers les plus actifs et les plus recherch\u00e9s de son secteur. Les clients de Carl peuvent \u00eatre aussi bien de jeunes professionnels que des propri\u00e9taires d\u2019entreprises. Qu\u2019il repr\u00e9sente le vendeur le plus aguerri ou quelqu\u2019un qui ach\u00e8te pour la toute premi\u00e8re fois, il leur offre toujours le m\u00eame niveau de professionnalisme et de d\u00e9vouement, sur lequel il a b\u00e2ti sa r\u00e9putation. N\u00e9gociateur des plus habiles, M. Fafard sait ce qu\u2019il faut faire pour conclure une transaction, et ma\u00eetrise l\u2019art de g\u00e9rer les situations les plus difficiles. De plus, il s\u2019est forg\u00e9 une r\u00e9putation de courtier innovateur et professionnel. Que vous cherchiez \u00e0 vendre votre propri\u00e9t\u00e9 ou \u00e0 acheter la demeure de vos r\u00eaves, Carl Fafard est l\u00e0 pour vous aider.<\/p>\n<p><\/p>","protected":false},"excerpt":{"rendered":"<p>Carl Fafard est un courtier dynamique qui offre ses services aux vendeurs et aux acheteurs de propri\u00e9t\u00e9s de prestige sur la Rive-Sud de Montr\u00e9al et ses environs depuis qu\u2019il a d\u00e9but\u00e9 sa carri\u00e8re en 2002. Gr\u00e2ce \u00e0 une \u00e9thique de travail sans faille et un r\u00e9seau de r\u00e9f\u00e9rences, de clients satisfaits, il a g\u00e9n\u00e9r\u00e9 plus [&hellip;]<\/p>\n","protected":false},"author":121,"featured_media":0,"parent":0,"menu_order":0,"comment_status":"closed","ping_status":"closed","template":"page-templates\/advanced_page.php","meta":{"_acf_changed":false,"footnotes":""},"class_list":["post-473","page","type-page","status-publish","hentry"],"acf":[],"_links":{"self":[{"href":"https:\/\/carlfafard.com\/en\/wp-json\/wp\/v2\/pages\/473","targetHints":{"allow":["GET"]}}],"collection":[{"href":"https:\/\/carlfafard.com\/en\/wp-json\/wp\/v2\/pages"}],"about":[{"href":"https:\/\/carlfafard.com\/en\/wp-json\/wp\/v2\/types\/page"}],"author":[{"embeddable":true,"href":"https:\/\/carlfafard.com\/en\/wp-json\/wp\/v2\/users\/121"}],"replies":[{"embeddable":true,"href":"https:\/\/carlfafard.com\/en\/wp-json\/wp\/v2\/comments?post=473"}],"version-history":[{"count":2,"href":"https:\/\/carlfafard.com\/en\/wp-json\/wp\/v2\/pages\/473\/revisions"}],"predecessor-version":[{"id":805,"href":"https:\/\/carlfafard.com\/en\/wp-json\/wp\/v2\/pages\/473\/revisions\/805"}],"wp:attachment":[{"href":"https:\/\/carlfafard.com\/en\/wp-json\/wp\/v2\/media?parent=473"}],"curies":[{"name":"wp","href":"https:\/\/api.w.org\/{rel}","templated":true}]}}